{"id":7960,"date":"2020-09-05T12:49:22","date_gmt":"2020-09-05T12:49:22","guid":{"rendered":"https:\/\/www.bastian-gallery.com\/shop\/anselm-kiefer-bilder\/"},"modified":"2020-09-05T12:49:22","modified_gmt":"2020-09-05T12:49:22","slug":"anselm-kiefer-bilder","status":"publish","type":"product","link":"https:\/\/www.bastian-gallery.com\/en\/product\/anselm-kiefer-bilder\/","title":{"rendered":"Anselm Kiefer \u2013 Bilder"},"content":{"rendered":"<p>Das Werk von Anselm Kiefer wird seit Jahren von zahlreichen Katalogb\u00fcchern begleitet. Diese Monographie, herausgegeben von Heiner Bastian, ist jedoch ein erster Band, der die bedeutendsten Bilder des K\u00fcnstlers zeigt, die zwischen 1970 und 2017 entstanden sind. Die Auswahl der Werke hat Heiner Bastian getroffen, der seit Jahren als einer der profundesten Kenner des \u0152uvres gilt und den eindrucksvollen Text zum Werk geschrieben hat.<\/p>\n<p>Die Bilderwelt Anselm Kiefers beginnt mit philosophischen und existentiellen Fragen: eine Auseinandersetzung mit dem Pr\u00e4zedenzcharakter des Befremdendsten, also den grauenhaften Symptomen der Inhumanit\u00e4t der deutschen Geschichte, die des K\u00fcnstlers erste Gegenwart war. Mehr als eine Dekade lang gilt das Werk Anselm Kiefers dem eigentlich nicht darstellbaren deutschen Unheil und seinen mythischen und metaphysischen Dimensionen.<\/p>\n<p>Erst graduell gewinnen die Bilder des K\u00fcnstlers das Zwiegespr\u00e4ch zwischen Poesie und Phy-sik, den Dialog der Welt des christlichen und j\u00fcdischen Kultus, der philosophischen Sinnfragen, des Dogmas und der Schuld, und des \u203aWunderbaren\u2039, wenn es die Welt des Phantastischen anspricht und Walter Benjamins \u00bbprofane Erleuchtung\u00ab meint.<\/p>\n<p>Zweifellos ist Anselm Kiefer der bedeutende Mythograph, der poetischste Maler unserer Zeit. Seine demiurgische Arbeit wendet sich gegen alles in k\u00fcnstlerischer Praxis Beherrschte. Sie sucht stattdessen den imagin\u00e4ren Reichtum von Sinnstiftungen mystischer und irdischer Erscheinungen.<\/p>\n","protected":false},"excerpt":{"rendered":"<p>Das Werk von Anselm Kiefer wird seit Jahren von zahlreichen Katalogb\u00fcchern begleitet. Diese Monographie, herausgegeben von Heiner Bastian, ist jedoch ein erster Band, der die bedeutendsten Bilder des K\u00fcnstlers zeigt, die zwischen 1970 und 2017 entstanden sind. Die Auswahl der Werke hat Heiner Bastian getroffen, der seit Jahren als einer der profundesten Kenner des \u0152uvres gilt und den eindrucksvollen Text zum Werk geschrieben hat.<\/p>\n<div class=\"johProductInfoSection\">Herausgegeben von Heiner Bastian<br \/>\nMit einem Text von Heiner Bastian<br \/>\n248 Seiten, 110 Abbildungen in Farbe<br \/>\nFormat: 26,5 x 30,5 cm, gebunden<br \/>\nSchirmer\/Mosel, M\u00fcnchen, 2018<br \/>\nDeutsch\/englische Ausgabe<\/div>\n","protected":false},"featured_media":5679,"template":"","meta":{"_acf_changed":false},"product_brand":[],"product_cat":[55],"product_tag":[],"class_list":{"0":"post-7960","1":"product","2":"type-product","3":"status-publish","4":"has-post-thumbnail","6":"product_cat-standard-en","8":"first","9":"instock","10":"taxable","11":"shipping-taxable","12":"purchasable","13":"product-type-simple"},"acf":[],"yoast_head":"<!-- This site is optimized with the Yoast SEO plugin v27.5 - https:\/\/yoast.com\/product\/yoast-seo-wordpress\/ -->\n<title>Anselm Kiefer \u2013 Bilder | Bastian<\/title>\n<meta name=\"robots\" content=\"index, follow, max-snippet:-1, max-image-preview:large, max-video-preview:-1\" \/>\n<link rel=\"canonical\" href=\"https:\/\/www.bastian-gallery.com\/en\/product\/anselm-kiefer-bilder\/\" \/>\n<meta property=\"og:locale\" content=\"en_GB\" \/>\n<meta property=\"og:type\" content=\"article\" \/>\n<meta property=\"og:title\" content=\"Anselm Kiefer \u2013 Bilder | Bastian\" \/>\n<meta property=\"og:description\" content=\"Das Werk von Anselm Kiefer wird seit Jahren von zahlreichen Katalogb\u00fcchern begleitet. Diese Monographie, herausgegeben von Heiner Bastian, ist jedoch ein erster Band, der die bedeutendsten Bilder des K\u00fcnstlers zeigt, die zwischen 1970 und 2017 entstanden sind. Die Auswahl der Werke hat Heiner Bastian getroffen, der seit Jahren als einer der profundesten Kenner des \u0152uvres gilt und den eindrucksvollen Text zum Werk geschrieben hat. Herausgegeben von Heiner Bastian Mit einem Text von Heiner Bastian 248 Seiten, 110 Abbildungen in Farbe Format: 26,5 x 30,5 cm, gebunden Schirmer\/Mosel, M\u00fcnchen, 2018 Deutsch\/englische Ausgabe\" \/>\n<meta property=\"og:url\" content=\"https:\/\/www.bastian-gallery.com\/en\/product\/anselm-kiefer-bilder\/\" \/>\n<meta property=\"og:site_name\" content=\"Bastian\" \/>\n<meta property=\"og:image\" content=\"https:\/\/www.bastian-gallery.com\/wp-content\/uploads\/2018\/06\/AK_Monographie_Buchcover.jpg\" \/>\n\t<meta property=\"og:image:width\" content=\"2508\" \/>\n\t<meta property=\"og:image:height\" content=\"2958\" \/>\n\t<meta property=\"og:image:type\" content=\"image\/jpeg\" \/>\n<meta name=\"twitter:card\" content=\"summary_large_image\" \/>\n<meta name=\"twitter:label1\" content=\"Estimated reading time\" \/>\n\t<meta name=\"twitter:data1\" content=\"1 minute\" \/>\n<script type=\"application\/ld+json\" class=\"yoast-schema-graph\">{\"@context\":\"https:\\\/\\\/schema.org\",\"@graph\":[{\"@type\":\"WebPage\",\"@id\":\"https:\\\/\\\/www.bastian-gallery.com\\\/en\\\/product\\\/anselm-kiefer-bilder\\\/\",\"url\":\"https:\\\/\\\/www.bastian-gallery.com\\\/en\\\/product\\\/anselm-kiefer-bilder\\\/\",\"name\":\"Anselm Kiefer \u2013 Bilder | Bastian\",\"isPartOf\":{\"@id\":\"https:\\\/\\\/www.bastian-gallery.com\\\/en\\\/#website\"},\"primaryImageOfPage\":{\"@id\":\"https:\\\/\\\/www.bastian-gallery.com\\\/en\\\/product\\\/anselm-kiefer-bilder\\\/#primaryimage\"},\"image\":{\"@id\":\"https:\\\/\\\/www.bastian-gallery.com\\\/en\\\/product\\\/anselm-kiefer-bilder\\\/#primaryimage\"},\"thumbnailUrl\":\"https:\\\/\\\/www.bastian-gallery.com\\\/wp-content\\\/uploads\\\/2018\\\/06\\\/AK_Monographie_Buchcover.jpg\",\"datePublished\":\"2020-09-05T12:49:22+00:00\",\"breadcrumb\":{\"@id\":\"https:\\\/\\\/www.bastian-gallery.com\\\/en\\\/product\\\/anselm-kiefer-bilder\\\/#breadcrumb\"},\"inLanguage\":\"en-GB\",\"potentialAction\":[{\"@type\":\"ReadAction\",\"target\":[\"https:\\\/\\\/www.bastian-gallery.com\\\/en\\\/product\\\/anselm-kiefer-bilder\\\/\"]}]},{\"@type\":\"ImageObject\",\"inLanguage\":\"en-GB\",\"@id\":\"https:\\\/\\\/www.bastian-gallery.com\\\/en\\\/product\\\/anselm-kiefer-bilder\\\/#primaryimage\",\"url\":\"https:\\\/\\\/www.bastian-gallery.com\\\/wp-content\\\/uploads\\\/2018\\\/06\\\/AK_Monographie_Buchcover.jpg\",\"contentUrl\":\"https:\\\/\\\/www.bastian-gallery.com\\\/wp-content\\\/uploads\\\/2018\\\/06\\\/AK_Monographie_Buchcover.jpg\",\"width\":2508,\"height\":2958},{\"@type\":\"BreadcrumbList\",\"@id\":\"https:\\\/\\\/www.bastian-gallery.com\\\/en\\\/product\\\/anselm-kiefer-bilder\\\/#breadcrumb\",\"itemListElement\":[{\"@type\":\"ListItem\",\"position\":1,\"name\":\"Startseite\",\"item\":\"https:\\\/\\\/www.bastian-gallery.com\\\/en\\\/\"},{\"@type\":\"ListItem\",\"position\":2,\"name\":\"Privat: Shop\",\"item\":\"https:\\\/\\\/www.bastian-gallery.com\\\/?page_id=4073\"},{\"@type\":\"ListItem\",\"position\":3,\"name\":\"Anselm Kiefer \u2013 Bilder\"}]},{\"@type\":\"WebSite\",\"@id\":\"https:\\\/\\\/www.bastian-gallery.com\\\/en\\\/#website\",\"url\":\"https:\\\/\\\/www.bastian-gallery.com\\\/en\\\/\",\"name\":\"Bastian\",\"description\":\"Bastian Berlin\",\"potentialAction\":[{\"@type\":\"SearchAction\",\"target\":{\"@type\":\"EntryPoint\",\"urlTemplate\":\"https:\\\/\\\/www.bastian-gallery.com\\\/en\\\/?s={search_term_string}\"},\"query-input\":{\"@type\":\"PropertyValueSpecification\",\"valueRequired\":true,\"valueName\":\"search_term_string\"}}],\"inLanguage\":\"en-GB\"}]}<\/script>\n<!-- \/ Yoast SEO plugin. -->","yoast_head_json":{"title":"Anselm Kiefer \u2013 Bilder | Bastian","robots":{"index":"index","follow":"follow","max-snippet":"max-snippet:-1","max-image-preview":"max-image-preview:large","max-video-preview":"max-video-preview:-1"},"canonical":"https:\/\/www.bastian-gallery.com\/en\/product\/anselm-kiefer-bilder\/","og_locale":"en_GB","og_type":"article","og_title":"Anselm Kiefer \u2013 Bilder | Bastian","og_description":"Das Werk von Anselm Kiefer wird seit Jahren von zahlreichen Katalogb\u00fcchern begleitet. Diese Monographie, herausgegeben von Heiner Bastian, ist jedoch ein erster Band, der die bedeutendsten Bilder des K\u00fcnstlers zeigt, die zwischen 1970 und 2017 entstanden sind. Die Auswahl der Werke hat Heiner Bastian getroffen, der seit Jahren als einer der profundesten Kenner des \u0152uvres gilt und den eindrucksvollen Text zum Werk geschrieben hat. Herausgegeben von Heiner Bastian Mit einem Text von Heiner Bastian 248 Seiten, 110 Abbildungen in Farbe Format: 26,5 x 30,5 cm, gebunden Schirmer\/Mosel, M\u00fcnchen, 2018 Deutsch\/englische Ausgabe","og_url":"https:\/\/www.bastian-gallery.com\/en\/product\/anselm-kiefer-bilder\/","og_site_name":"Bastian","og_image":[{"width":2508,"height":2958,"url":"https:\/\/www.bastian-gallery.com\/wp-content\/uploads\/2018\/06\/AK_Monographie_Buchcover.jpg","type":"image\/jpeg"}],"twitter_card":"summary_large_image","twitter_misc":{"Estimated reading time":"1 minute"},"schema":{"@context":"https:\/\/schema.org","@graph":[{"@type":"WebPage","@id":"https:\/\/www.bastian-gallery.com\/en\/product\/anselm-kiefer-bilder\/","url":"https:\/\/www.bastian-gallery.com\/en\/product\/anselm-kiefer-bilder\/","name":"Anselm Kiefer \u2013 Bilder | Bastian","isPartOf":{"@id":"https:\/\/www.bastian-gallery.com\/en\/#website"},"primaryImageOfPage":{"@id":"https:\/\/www.bastian-gallery.com\/en\/product\/anselm-kiefer-bilder\/#primaryimage"},"image":{"@id":"https:\/\/www.bastian-gallery.com\/en\/product\/anselm-kiefer-bilder\/#primaryimage"},"thumbnailUrl":"https:\/\/www.bastian-gallery.com\/wp-content\/uploads\/2018\/06\/AK_Monographie_Buchcover.jpg","datePublished":"2020-09-05T12:49:22+00:00","breadcrumb":{"@id":"https:\/\/www.bastian-gallery.com\/en\/product\/anselm-kiefer-bilder\/#breadcrumb"},"inLanguage":"en-GB","potentialAction":[{"@type":"ReadAction","target":["https:\/\/www.bastian-gallery.com\/en\/product\/anselm-kiefer-bilder\/"]}]},{"@type":"ImageObject","inLanguage":"en-GB","@id":"https:\/\/www.bastian-gallery.com\/en\/product\/anselm-kiefer-bilder\/#primaryimage","url":"https:\/\/www.bastian-gallery.com\/wp-content\/uploads\/2018\/06\/AK_Monographie_Buchcover.jpg","contentUrl":"https:\/\/www.bastian-gallery.com\/wp-content\/uploads\/2018\/06\/AK_Monographie_Buchcover.jpg","width":2508,"height":2958},{"@type":"BreadcrumbList","@id":"https:\/\/www.bastian-gallery.com\/en\/product\/anselm-kiefer-bilder\/#breadcrumb","itemListElement":[{"@type":"ListItem","position":1,"name":"Startseite","item":"https:\/\/www.bastian-gallery.com\/en\/"},{"@type":"ListItem","position":2,"name":"Privat: Shop","item":"https:\/\/www.bastian-gallery.com\/?page_id=4073"},{"@type":"ListItem","position":3,"name":"Anselm Kiefer \u2013 Bilder"}]},{"@type":"WebSite","@id":"https:\/\/www.bastian-gallery.com\/en\/#website","url":"https:\/\/www.bastian-gallery.com\/en\/","name":"Bastian","description":"Bastian Berlin","potentialAction":[{"@type":"SearchAction","target":{"@type":"EntryPoint","urlTemplate":"https:\/\/www.bastian-gallery.com\/en\/?s={search_term_string}"},"query-input":{"@type":"PropertyValueSpecification","valueRequired":true,"valueName":"search_term_string"}}],"inLanguage":"en-GB"}]}},"_links":{"self":[{"href":"https:\/\/www.bastian-gallery.com\/en\/wp-json\/wp\/v2\/product\/7960","targetHints":{"allow":["GET"]}}],"collection":[{"href":"https:\/\/www.bastian-gallery.com\/en\/wp-json\/wp\/v2\/product"}],"about":[{"href":"https:\/\/www.bastian-gallery.com\/en\/wp-json\/wp\/v2\/types\/product"}],"wp:featuredmedia":[{"embeddable":true,"href":"https:\/\/www.bastian-gallery.com\/en\/wp-json\/wp\/v2\/media\/5679"}],"wp:attachment":[{"href":"https:\/\/www.bastian-gallery.com\/en\/wp-json\/wp\/v2\/media?parent=7960"}],"wp:term":[{"taxonomy":"product_brand","embeddable":true,"href":"https:\/\/www.bastian-gallery.com\/en\/wp-json\/wp\/v2\/product_brand?post=7960"},{"taxonomy":"product_cat","embeddable":true,"href":"https:\/\/www.bastian-gallery.com\/en\/wp-json\/wp\/v2\/product_cat?post=7960"},{"taxonomy":"product_tag","embeddable":true,"href":"https:\/\/www.bastian-gallery.com\/en\/wp-json\/wp\/v2\/product_tag?post=7960"}],"curies":[{"name":"wp","href":"https:\/\/api.w.org\/{rel}","templated":true}]}}